{"id":2488,"date":"2023-08-10T00:07:22","date_gmt":"2023-08-10T00:07:22","guid":{"rendered":"https:\/\/uvb.edu.mx\/reynosa\/?page_id=2488"},"modified":"2024-07-31T12:32:08","modified_gmt":"2024-07-31T18:32:08","slug":"aviso","status":"publish","type":"page","link":"https:\/\/uvb.edu.mx\/reynosa\/aviso\/","title":{"rendered":"Aviso de Privacidad"},"content":{"rendered":"<div  class='flex_column av-41nbmw-12fe95258baca7ce9312903f74bf2032 av_two_third  avia-builder-el-0  el_before_av_one_third  avia-builder-el-first  first flex_column_div  '     ><p>\n<style type=\"text\/css\" data-created_by=\"avia_inline_auto\" id=\"style-css-av-ll4e7fsd-65d247cb23572ccb3f4ba4d0ec1cb22f\">\n#top .av-special-heading.av-ll4e7fsd-65d247cb23572ccb3f4ba4d0ec1cb22f{\npadding-bottom:10px;\n}\nbody .av-special-heading.av-ll4e7fsd-65d247cb23572ccb3f4ba4d0ec1cb22f .av-special-heading-tag .heading-char{\nfont-size:25px;\n}\n.av-special-heading.av-ll4e7fsd-65d247cb23572ccb3f4ba4d0ec1cb22f .av-subheading{\nfont-size:15px;\n}\n<\/style>\n<div  class='av-special-heading av-ll4e7fsd-65d247cb23572ccb3f4ba4d0ec1cb22f av-special-heading-h3  avia-builder-el-1  el_before_av_textblock  avia-builder-el-first '><h3 class='av-special-heading-tag '  itemprop=\"headline\"  >Aviso de Privacidad<\/h3><div class=\"special-heading-border\"><div class=\"special-heading-inner-border\"><\/div><\/div><\/div><br \/>\n<section  class='av_textblock_section av-ll4ed3b6-659f6851b65bc6043cdc42ae4166fece '   itemscope=\"itemscope\" itemtype=\"https:\/\/schema.org\/CreativeWork\" ><div class='avia_textblock'  itemprop=\"text\" ><p>La UNIVERSIDAD VALLE DEL BRAVO es responsable de recabar sus datos personales, del uso que se le d\u00e9 a los mismos y de su protecci\u00f3n.<\/p>\n<p>Los datos personales recabados por esta Instituci\u00f3n, podr\u00e1n ser utilizados para la debida operaci\u00f3n de la misma, incluyendo su transmisi\u00f3n a otras instituciones educativas, agencias calificadoras y terceros dentro y fuera del pa\u00eds, as\u00ed como las autoridades competentes, que tengan necesidad de conocerlos, para el debido cumplimiento de los fines de la Universidad Valle del Bravo, con el objeto de que los mismos puedan ser utilizados para efectos acad\u00e9micos, administrativos, de mercadotecnia, ventas y estad\u00edsticos.<\/p>\n<p>Usted tiene derecho al acceso, rectificaci\u00f3n y cancelaci\u00f3n de sus datos personales, a oponerse al tratamiento de los mismos o a revocar el consentimiento que para dicho fin nos haya otorgado. Para ello es necesario que nos env\u00ede por escrito y firmado en los t\u00e9rminos que marca la Ley en su Art. 29 al departamento de administraci\u00f3n de esta instituci\u00f3n.<\/p>\n<p>Universidad Valle del Bravo se reserva el derecho de efectuar, e cualquier momento, modificaciones o actualizaciones al presente aviso de privacidad para la atenci\u00f3n de novedades legislativas, pol\u00edticas internas o nuevos requerimientos para la prestaci\u00f3n de nuestros servicios. Estas modificaciones est\u00e1n disponibles a trav\u00e9s de nuestro sitio de internet en www.uvb.edu.mx<\/p>\n<p>\u00daltima actualiaci\u00f3n: agosto de 2023.<\/p>\n<\/div><\/section><\/p><\/div>\n<div  class='flex_column av-1vwjgo-62d5da04ef21b6b35d6b50753ef4061a av_one_third  avia-builder-el-3  el_after_av_two_third  avia-builder-el-last  flex_column_div  '     ><p>\n<style type=\"text\/css\" data-created_by=\"avia_inline_auto\" id=\"style-css-av-ll4egn7h-e2ef3302fa00d7a2ce14dba156db1f29\">\n.avia-image-container.av-ll4egn7h-e2ef3302fa00d7a2ce14dba156db1f29 img.avia_image{\nbox-shadow:none;\n}\n.avia-image-container.av-ll4egn7h-e2ef3302fa00d7a2ce14dba156db1f29 .av-image-caption-overlay-center{\ncolor:#ffffff;\n}\n<\/style>\n<div  class='avia-image-container av-ll4egn7h-e2ef3302fa00d7a2ce14dba156db1f29 av-styling- avia-align-center  avia-builder-el-4  el_before_av_image  avia-builder-el-first '   itemprop=\"image\" itemscope=\"itemscope\" itemtype=\"https:\/\/schema.org\/ImageObject\" ><div class=\"avia-image-container-inner\"><div class=\"avia-image-overlay-wrap\"><img decoding=\"async\" fetchpriority=\"high\" class='wp-image-2790 avia-img-lazy-loading-not-2790 avia_image ' src=\"https:\/\/uvb.edu.mx\/reynosa\/wp-content\/uploads\/2023\/08\/banner-prepa-845x684.jpg\" alt='' title='Prepa UVB'  height=\"684\" width=\"845\"  itemprop=\"thumbnailUrl\" srcset=\"https:\/\/uvb.edu.mx\/reynosa\/wp-content\/uploads\/2023\/08\/banner-prepa-845x684.jpg 845w, https:\/\/uvb.edu.mx\/reynosa\/wp-content\/uploads\/2023\/08\/banner-prepa-495x400.jpg 495w\" sizes=\"(max-width: 845px) 100vw, 845px\" \/><\/div><\/div><\/div><br \/>\n\n<style type=\"text\/css\" data-created_by=\"avia_inline_auto\" id=\"style-css-av-30adfc-18274eb0c352ed27d022f77a38b49617\">\n.avia-image-container.av-30adfc-18274eb0c352ed27d022f77a38b49617 img.avia_image{\nbox-shadow:none;\n}\n.avia-image-container.av-30adfc-18274eb0c352ed27d022f77a38b49617 .av-image-caption-overlay-center{\ncolor:#ffffff;\n}\n<\/style>\n<div  class='avia-image-container av-30adfc-18274eb0c352ed27d022f77a38b49617 av-styling- avia-align-center  avia-builder-el-5  el_after_av_image  avia-builder-el-last '   itemprop=\"image\" itemscope=\"itemscope\" itemtype=\"https:\/\/schema.org\/ImageObject\" ><div class=\"avia-image-container-inner\"><div class=\"avia-image-overlay-wrap\"><img decoding=\"async\" fetchpriority=\"high\" class='wp-image-2974 avia-img-lazy-loading-not-2974 avia_image ' src=\"https:\/\/uvb.edu.mx\/reynosa\/wp-content\/uploads\/2024\/07\/banner-admisiones-1-845x684.jpg\" alt='' title=''  height=\"684\" width=\"845\"  itemprop=\"thumbnailUrl\" srcset=\"https:\/\/uvb.edu.mx\/reynosa\/wp-content\/uploads\/2024\/07\/banner-admisiones-1-845x684.jpg 845w, https:\/\/uvb.edu.mx\/reynosa\/wp-content\/uploads\/2024\/07\/banner-admisiones-1-495x400.jpg 495w\" sizes=\"(max-width: 845px) 100vw, 845px\" \/><\/div><\/div><\/div><\/p><\/div>\n","protected":false},"excerpt":{"rendered":"","protected":false},"author":1,"featured_media":0,"parent":0,"menu_order":0,"comment_status":"closed","ping_status":"closed","template":"","meta":{"footnotes":""},"class_list":["post-2488","page","type-page","status-publish","hentry"],"_links":{"self":[{"href":"https:\/\/uvb.edu.mx\/reynosa\/wp-json\/wp\/v2\/pages\/2488","targetHints":{"allow":["GET"]}}],"collection":[{"href":"https:\/\/uvb.edu.mx\/reynosa\/wp-json\/wp\/v2\/pages"}],"about":[{"href":"https:\/\/uvb.edu.mx\/reynosa\/wp-json\/wp\/v2\/types\/page"}],"author":[{"embeddable":true,"href":"https:\/\/uvb.edu.mx\/reynosa\/wp-json\/wp\/v2\/users\/1"}],"replies":[{"embeddable":true,"href":"https:\/\/uvb.edu.mx\/reynosa\/wp-json\/wp\/v2\/comments?post=2488"}],"version-history":[{"count":3,"href":"https:\/\/uvb.edu.mx\/reynosa\/wp-json\/wp\/v2\/pages\/2488\/revisions"}],"predecessor-version":[{"id":2972,"href":"https:\/\/uvb.edu.mx\/reynosa\/wp-json\/wp\/v2\/pages\/2488\/revisions\/2972"}],"wp:attachment":[{"href":"https:\/\/uvb.edu.mx\/reynosa\/wp-json\/wp\/v2\/media?parent=2488"}],"curies":[{"name":"wp","href":"https:\/\/api.w.org\/{rel}","templated":true}]}}